{"id":27210,"date":"2025-09-11T20:51:57","date_gmt":"2025-09-11T18:51:57","guid":{"rendered":"https:\/\/societe-cfee.com\/?page_id=27210"},"modified":"2026-05-03T19:07:35","modified_gmt":"2026-05-03T17:07:35","slug":"formation-2026","status":"publish","type":"page","link":"https:\/\/societe-cfee.com\/index.php\/formation-2026\/","title":{"rendered":"Les formations 2026"},"content":{"rendered":"\t\t<div data-elementor-type=\"wp-page\" data-elementor-id=\"27210\" class=\"elementor elementor-27210\" data-elementor-settings=\"[]\">\n\t\t\t\t\t\t\t<div class=\"elementor-section-wrap\">\n\t\t\t\t\t\t\t<section class=\"elementor-section elementor-top-section elementor-element elementor-element-52d9daca elementor-section-boxed elementor-section-height-default elementor-section-height-default\" data-id=\"52d9daca\" data-element_type=\"section\">\n\t\t\t\t\t\t<div class=\"elementor-container elementor-column-gap-default\">\n\t\t\t\t\t<div class=\"elementor-column elementor-col-100 elementor-top-column elementor-element elementor-element-55f9754\" data-id=\"55f9754\" data-element_type=\"column\">\n\t\t\t<div class=\"elementor-widget-wrap elementor-element-populated\">\n\t\t\t\t\t\t\t\t<div class=\"elementor-element elementor-element-5f6875b4 elementor-widget elementor-widget-text-editor\" data-id=\"5f6875b4\" data-element_type=\"widget\" data-widget_type=\"text-editor.default\">\n\t\t\t\t<div class=\"elementor-widget-container\">\n\t\t\t<style>\/*! elementor - v3.5.6 - 28-02-2022 *\/\n.elementor-widget-text-editor.elementor-drop-cap-view-stacked .elementor-drop-cap{background-color:#818a91;color:#fff}.elementor-widget-text-editor.elementor-drop-cap-view-framed .elementor-drop-cap{color:#818a91;border:3px solid;background-color:transparent}.elementor-widget-text-editor:not(.elementor-drop-cap-view-default) .elementor-drop-cap{margin-top:8px}.elementor-widget-text-editor:not(.elementor-drop-cap-view-default) .elementor-drop-cap-letter{width:1em;height:1em}.elementor-widget-text-editor .elementor-drop-cap{float:left;text-align:center;line-height:1;font-size:50px}.elementor-widget-text-editor .elementor-drop-cap-letter{display:inline-block}<\/style>\t\t\t\t<p><!-- wp:paragraph --><\/p>\n<h4 style=\"color: blue;\" align=\"CENTER\">Organisation de quatre sessions de Formation par le Centre de Formation, d&rsquo;Etudes et d&rsquo;Expertises \u00ab CFEE \u00bb<\/h4>\n<p>Le Centre de Formation, d\u2019Etudes et d\u2019Expertise \u00ab&nbsp;CFEE&nbsp;\u00bb organisera, \u00e0 partir du 3 juin 2026, des Formations sur des th\u00e8mes cibl\u00e9s, en pr\u00e9sentiel et \u00e0 distance. Ces activit\u00e9s seront anim\u00e9es par des sp\u00e9cialistes et experts hautement qualifi\u00e9s (voir le tableau ci-dessous ci-joint) :<\/p>\n<p>\n<div class=\"wpdt-c row wpDataTableContainerSimpleTable wpDataTables wpDataTablesWrapper\n wdtscroll\"\n    >\n        <table id=\"wpdtSimpleTable-22\"\n           style=\"border-collapse:collapse;\n                   border-spacing:0px;\"\n           class=\"wpdtSimpleTable wpDataTable\"\n           data-column=\"3\"\n           data-rows=\"6\"\n           data-wpID=\"22\"\n           data-responsive=\"0\"\n           data-has-header=\"1\">\n\n                    <thead>        <tr class=\"wpdt-cell-row \" >\n                                <th class=\"wpdt-cell wpdt-bold wpdt-fs-000015\"\n                                            data-cell-id=\"A1\"\n                    data-col-index=\"0\"\n                    data-row-index=\"0\"\n                    style=\" width:460px;                    padding:10px;\n                    \"\n                    >\n                                        Th\u00e8mes de la Formation                    <\/th>\n                                                <th class=\"wpdt-cell wpdt-bold wpdt-fs-000015\"\n                                            data-cell-id=\"B1\"\n                    data-col-index=\"1\"\n                    data-row-index=\"0\"\n                    style=\" width:460px;                    padding:10px;\n                    \"\n                    >\n                                        Dates                    <\/th>\n                                                <th class=\"wpdt-cell wpdt-bold\"\n                                            data-cell-id=\"C1\"\n                    data-col-index=\"2\"\n                    data-row-index=\"0\"\n                    style=\" width:99px;                    padding:10px;\n                    \"\n                    >\n                                        D\u00e9tails                    <\/th>\n                                        <\/tr>\n                    <tbody>        <tr class=\"wpdt-cell-row odd\" >\n                                <td class=\"wpdt-cell wpdt-bold\"\n                                            data-cell-id=\"A2\"\n                    data-col-index=\"0\"\n                    data-row-index=\"1\"\n                    style=\"                    padding:10px;\n                    \"\n                    >\n                                        Installation de centrales photovolta\u00efques connect\u00e9es au\nr\u00e9seau \u00e9lectrique pour l\u2019\u00e9conomie de la consommation                    <\/td>\n                                                <td class=\"wpdt-cell \"\n                                            data-cell-id=\"B2\"\n                    data-col-index=\"1\"\n                    data-row-index=\"1\"\n                    style=\"                    padding:10px;\n                    \"\n                    >\n                                        3 au 5 juin 2026                    <\/td>\n                                                <td class=\"wpdt-cell \"\n                                            data-cell-id=\"C2\"\n                    data-col-index=\"2\"\n                    data-row-index=\"1\"\n                    style=\"                    padding:10px;\n                    \"\n                    >\n                                        <a target=\"_blank\" href=\"https:\/\/societe-cfee.com\/F030626\"><img decoding=\"async\"  src=\"https:\/\/societe-cfee.com\/wp-content\/uploads\/2022\/12\/Feedbin-Icon-home-search.svg.png\" style=\"height:20px;width:20px\" \/><\/a>                    <\/td>\n                                        <\/tr>\n                            <tr class=\"wpdt-cell-row even\" >\n                                <td class=\"wpdt-cell wpdt-bold\"\n                                            data-cell-id=\"A3\"\n                    data-col-index=\"0\"\n                    data-row-index=\"2\"\n                    style=\"                    padding:10px;\n                    \"\n                    >\n                                        Maitriser l&#39;Intelligence Artificielle et l&#39;IA par la pratique                    <\/td>\n                                                <td class=\"wpdt-cell \"\n                                            data-cell-id=\"B3\"\n                    data-col-index=\"1\"\n                    data-row-index=\"2\"\n                    style=\"                    padding:10px;\n                    \"\n                    >\n                                        6 juin 2026                    <\/td>\n                                                <td class=\"wpdt-cell \"\n                                            data-cell-id=\"C3\"\n                    data-col-index=\"2\"\n                    data-row-index=\"2\"\n                    style=\"                    padding:10px;\n                    \"\n                    >\n                                        <a target=\"_blank\" href=\"https:\/\/societe-cfee.com\/F060626\"><img decoding=\"async\"  src=\"https:\/\/societe-cfee.com\/wp-content\/uploads\/2022\/12\/Feedbin-Icon-home-search.svg.png\" style=\"height:20px;width:20px\" \/><\/a>                    <\/td>\n                                        <\/tr>\n                            <tr class=\"wpdt-cell-row odd\" >\n                                <td class=\"wpdt-cell wpdt-bold\"\n                                            data-cell-id=\"A4\"\n                    data-col-index=\"0\"\n                    data-row-index=\"3\"\n                    style=\"                    padding:10px;\n                    \"\n                    >\n                                        Optimisation des politiques de gestion des stocks et approvisionnement                    <\/td>\n                                                <td class=\"wpdt-cell \"\n                                            data-cell-id=\"B4\"\n                    data-col-index=\"1\"\n                    data-row-index=\"3\"\n                    style=\"                    padding:10px;\n                    \"\n                    >\n                                        8 au 9 juin 2026                    <\/td>\n                                                <td class=\"wpdt-cell \"\n                                            data-cell-id=\"C4\"\n                    data-col-index=\"2\"\n                    data-row-index=\"3\"\n                    style=\"                    padding:10px;\n                    \"\n                    >\n                                        <a target=\"_blank\" href=\"https:\/\/societe-cfee.com\/F080626\"><img decoding=\"async\"  src=\"https:\/\/societe-cfee.com\/wp-content\/uploads\/2022\/12\/Feedbin-Icon-home-search.svg.png\" style=\"height:20px;width:20px\" \/><\/a>                    <\/td>\n                                        <\/tr>\n                            <tr class=\"wpdt-cell-row even\" >\n                                <td class=\"wpdt-cell wpdt-bold\"\n                                            data-cell-id=\"A5\"\n                    data-col-index=\"0\"\n                    data-row-index=\"4\"\n                    style=\"                    padding:10px;\n                    \"\n                    >\n                                        L\u2019intelligence \u00e9motionnelle au service de la performance\n\norganisationnelle                    <\/td>\n                                                <td class=\"wpdt-cell \"\n                                            data-cell-id=\"B5\"\n                    data-col-index=\"1\"\n                    data-row-index=\"4\"\n                    style=\"                    padding:10px;\n                    \"\n                    >\n                                        20 juin 2026                    <\/td>\n                                                <td class=\"wpdt-cell \"\n                                            data-cell-id=\"C5\"\n                    data-col-index=\"2\"\n                    data-row-index=\"4\"\n                    style=\"                    padding:10px;\n                    \"\n                    >\n                                        <a target=\"_blank\" href=\"https:\/\/societe-cfee.com\/F200626\"><img decoding=\"async\"  src=\"https:\/\/societe-cfee.com\/wp-content\/uploads\/2022\/12\/Feedbin-Icon-home-search.svg.png\" style=\"height:20px;width:20px\" \/><\/a>                    <\/td>\n                                        <\/tr>\n                            <tr class=\"wpdt-cell-row odd\" >\n                                <td class=\"wpdt-cell wpdt-bold\"\n                                            data-cell-id=\"A6\"\n                    data-col-index=\"0\"\n                    data-row-index=\"5\"\n                    style=\"                    padding:10px;\n                    \"\n                    >\n                                        Organisation et gestion de la maintenance : comment\nmanager efficacement la fonction maintenance ?\norganisationnelle                    <\/td>\n                                                <td class=\"wpdt-cell \"\n                                            data-cell-id=\"B6\"\n                    data-col-index=\"1\"\n                    data-row-index=\"5\"\n                    style=\"                    padding:10px;\n                    \"\n                    >\n                                        23 au 24 juin 2026                    <\/td>\n                                                <td class=\"wpdt-cell \"\n                                            data-cell-id=\"C6\"\n                    data-col-index=\"2\"\n                    data-row-index=\"5\"\n                    style=\"                    padding:10px;\n                    \"\n                    >\n                                        <a target=\"_blank\" href=\"https:\/\/societe-cfee.com\/F230626\"><img decoding=\"async\"  src=\"https:\/\/societe-cfee.com\/wp-content\/uploads\/2022\/12\/Feedbin-Icon-home-search.svg.png\" style=\"height:20px;width:20px\" \/><\/a>                    <\/td>\n                                        <\/tr>\n                    <\/table>\n<\/div><style id='wpdt-custom-style-22'>\n.wpdt-fs-000015 { font-size: 15px !important;}\n<\/style>\n<style>\n            \/* th background color *\/\n    .wpdt-c.wpDataTablesWrapper table.wpdtSimpleTable.bt[data-has-header='1'] td.wpdt-header-classes,\n    .wpdt-c.wpDataTablesWrapper table.wpdtSimpleTable thead th,\n    .wpdt-c .wpDataTablesWrapper table.wpDataTable thead th,\n    .wpdt-c .wpDataTablesWrapper table.wpDataTable thead th.sorting {\n        background-color: #0082f1 !important;\n        background-image: none !important;\n    }\n                \n                                                \n                <\/style>\n<\/p>\n<div>\n<p>Par l\u2019occasion, nous avons le plaisir de porter \u00e0 votre connaissance que le Centre \u00ab CFEE \u00bb est Qualifi\u00e9 avec cinq Experts et Sp\u00e9cialistes Marocains par le Minist\u00e8re de l&rsquo;Inclusion \u00c9conomique, des Petites Entreprises, de l&rsquo;Emploi et des Comp\u00e9tences.<br>En outre, l\u2019\u00e9quipe de \u00ab CFEE \u00bb a mis en place un dispositif de formation continue et d\u2019accompagnement dans diff\u00e9rents domaines. A ce jour, plus de 160 th\u00e8mes diff\u00e9rents de Formation peuvent \u00eatre consult\u00e9s sur le site web suivant : ( <a href=\"https:\/\/societe-cfee.com\">https:\/\/societe-cfee.com<\/a> ). Pour tout contact, vous pouvez utiliser les moyens<br>de communication suivants :<\/p>\n<\/div>\n<div>\n<p style=\"color: blue;\" align=\"CENTER\"><em><strong> GSM :&nbsp;<\/strong><\/em><em style=\"font-family: var( --e-global-typography-text-font-family ), Sans-serif; font-weight: var( --e-global-typography-text-font-weight );\"><strong>+212 (0)&nbsp;<\/strong><\/em><strong style=\"font-family: var( --e-global-typography-text-font-family ), Sans-serif; text-align: left;\">6 61634962 \/&nbsp;<\/strong><em style=\"font-family: var( --e-global-typography-text-font-family ), Sans-serif; font-weight: var( --e-global-typography-text-font-weight );\"><strong>+212 (0)&nbsp;<\/strong><\/em><strong style=\"font-family: var( --e-global-typography-text-font-family ), Sans-serif; text-align: left;\">7 03166565 <\/strong><em style=\"font-family: var( --e-global-typography-text-font-family ), Sans-serif; font-weight: var( --e-global-typography-text-font-weight ); text-align: left;\"><strong>; Fax : +212 (0) 5 37671887 ; Mail : <\/strong><\/em><strong style=\"font-family: var( --e-global-typography-text-font-family ), Sans-serif; text-align: left;\">cfee_formations@societe-cfee.com<\/strong><\/p>\n<\/div>\t\t\t\t\t\t<\/div>\n\t\t\t\t<\/div>\n\t\t\t\t\t<\/div>\n\t\t<\/div>\n\t\t\t\t\t\t\t<\/div>\n\t\t<\/section>\n\t\t\t\t\t\t<\/div>\n\t\t\t\t\t<\/div>\n\t\t","protected":false},"excerpt":{"rendered":"<p>Organisation de quatre sessions de Formation par le Centre de Formation, d&rsquo;Etudes et d&rsquo;Expertises \u00ab CFEE \u00bb Le Centre de Formation, d\u2019Etudes et d\u2019Expertise \u00ab&nbsp;CFEE&nbsp;\u00bb organisera, \u00e0 partir du 3 juin 2026, des Formations sur des th\u00e8mes cibl\u00e9s, en pr\u00e9sentiel et \u00e0 distance. Ces activit\u00e9s seront anim\u00e9es par des sp\u00e9cialistes et experts hautement qualifi\u00e9s (voir&#8230;<\/p>\n","protected":false},"author":1,"featured_media":0,"parent":0,"menu_order":0,"comment_status":"closed","ping_status":"closed","template":"","meta":{"footnotes":""},"_links":{"self":[{"href":"https:\/\/societe-cfee.com\/index.php\/wp-json\/wp\/v2\/pages\/27210"}],"collection":[{"href":"https:\/\/societe-cfee.com\/index.php\/wp-json\/wp\/v2\/pages"}],"about":[{"href":"https:\/\/societe-cfee.com\/index.php\/wp-json\/wp\/v2\/types\/page"}],"author":[{"embeddable":true,"href":"https:\/\/societe-cfee.com\/index.php\/wp-json\/wp\/v2\/users\/1"}],"replies":[{"embeddable":true,"href":"https:\/\/societe-cfee.com\/index.php\/wp-json\/wp\/v2\/comments?post=27210"}],"version-history":[{"count":46,"href":"https:\/\/societe-cfee.com\/index.php\/wp-json\/wp\/v2\/pages\/27210\/revisions"}],"predecessor-version":[{"id":27441,"href":"https:\/\/societe-cfee.com\/index.php\/wp-json\/wp\/v2\/pages\/27210\/revisions\/27441"}],"wp:attachment":[{"href":"https:\/\/societe-cfee.com\/index.php\/wp-json\/wp\/v2\/media?parent=27210"}],"curies":[{"name":"wp","href":"https:\/\/api.w.org\/{rel}","templated":true}]}}