{"id":26344,"date":"2022-04-18T11:57:26","date_gmt":"2022-04-18T09:57:26","guid":{"rendered":"https:\/\/societe-cfee.com\/?page_id=26344"},"modified":"2022-04-18T11:57:27","modified_gmt":"2022-04-18T09:57:27","slug":"projets-et-partenariats-territoriaux-internationaux","status":"publish","type":"page","link":"https:\/\/societe-cfee.com\/index.php\/projets-et-partenariats-territoriaux-internationaux\/","title":{"rendered":"Projets et Partenariats Territoriaux Internationaux\u200b"},"content":{"rendered":"\n<div class=\"wp-block-wpdatatables-wpdatatables-gutenberg-block\">\n    <h2 class=\"wpdt-c\"\n        id=\"wdt-table-title-14\">Projets et Partenariats Territoriaux Internationaux\u200b<\/h2>\n<div class=\"wpdt-c row wpDataTableContainerSimpleTable wpDataTables wpDataTablesWrapper\n wdtscroll\"\n    >\n        <table id=\"wpdtSimpleTable-14\"\n           style=\"border-collapse:collapse;\n                   border-spacing:0px;\"\n           class=\"wpdtSimpleTable wpDataTable\"\n           data-column=\"5\"\n           data-rows=\"6\"\n           data-wpID=\"14\"\n           data-responsive=\"0\"\n           data-has-header=\"1\">\n\n                    <thead>        <tr class=\"wpdt-cell-row \" >\n                                <th class=\"wpdt-cell \"\n                                            data-cell-id=\"A1\"\n                    data-col-index=\"0\"\n                    data-row-index=\"0\"\n                    style=\" width:100px;                    padding:10px;\n                    \"\n                    >\n                                        \t\t\tCode                    <\/th>\n                                                <th class=\"wpdt-cell \"\n                                            data-cell-id=\"B1\"\n                    data-col-index=\"1\"\n                    data-row-index=\"0\"\n                    style=\" width:345px;                    padding:10px;\n                    \"\n                    >\n                                        \t\t\tTh\u00e8mes                    <\/th>\n                                                <th class=\"wpdt-cell \"\n                                            data-cell-id=\"C1\"\n                    data-col-index=\"2\"\n                    data-row-index=\"0\"\n                    style=\" width:100px;                    padding:10px;\n                    \"\n                    >\n                                        \t\t\tDur\u00e9e                    <\/th>\n                                                <th class=\"wpdt-cell \"\n                                            data-cell-id=\"D1\"\n                    data-col-index=\"3\"\n                    data-row-index=\"0\"\n                    style=\" width:257px;                    padding:10px;\n                    \"\n                    >\n                                        \t\t\tLieu\t\t\tde la formation                    <\/th>\n                                                <th class=\"wpdt-cell \"\n                                            data-cell-id=\"E1\"\n                    data-col-index=\"4\"\n                    data-row-index=\"0\"\n                    style=\" width:257px;                    padding:10px;\n                    \"\n                    >\n                                        \t\t\tOrganisation                    <\/th>\n                                        <\/tr>\n                    <tbody>        <tr class=\"wpdt-cell-row odd\" >\n                                <td class=\"wpdt-cell \"\n                                            data-cell-id=\"A2\"\n                    data-col-index=\"0\"\n                    data-row-index=\"1\"\n                    style=\"                    padding:10px;\n                    \"\n                    >\n                                        PPTN01                    <\/td>\n                                                <td class=\"wpdt-cell \"\n                                            data-cell-id=\"B2\"\n                    data-col-index=\"1\"\n                    data-row-index=\"1\"\n                    style=\"                    padding:10px;\n                    \"\n                    >\n                                        Design Projets de Smart City                    <\/td>\n                                                <td class=\"wpdt-cell \"\n                                            data-cell-id=\"C2\"\n                    data-col-index=\"2\"\n                    data-row-index=\"1\"\n                    style=\"                    padding:10px;\n                    \"\n                    >\n                                        Min.\t\t\t2j                    <\/td>\n                                                <td class=\"wpdt-cell \"\n                                            data-cell-id=\"D2\"\n                    data-col-index=\"3\"\n                    data-row-index=\"1\"\n                    style=\"                    padding:10px;\n                    \"\n                    >\n                                        \t\t\tPropos\u00e9\t\t\tpar le centre ou par le client                    <\/td>\n                                                <td class=\"wpdt-cell \"\n                                            data-cell-id=\"E2\"\n                    data-col-index=\"4\"\n                    data-row-index=\"1\"\n                    style=\"                    padding:10px;\n                    \"\n                    >\n                                        \t\t\tEn\t\t\tpr\u00e9sentiel ou \u00e0 distance                    <\/td>\n                                        <\/tr>\n                            <tr class=\"wpdt-cell-row even\" >\n                                <td class=\"wpdt-cell \"\n                                            data-cell-id=\"A3\"\n                    data-col-index=\"0\"\n                    data-row-index=\"2\"\n                    style=\"                    padding:10px;\n                    \"\n                    >\n                                        PPTN02                    <\/td>\n                                                <td class=\"wpdt-cell \"\n                                            data-cell-id=\"B3\"\n                    data-col-index=\"1\"\n                    data-row-index=\"2\"\n                    style=\"                    padding:10px;\n                    \"\n                    >\n                                        Design de projets territoriaux                    <\/td>\n                                                <td class=\"wpdt-cell \"\n                                            data-cell-id=\"C3\"\n                    data-col-index=\"2\"\n                    data-row-index=\"2\"\n                    style=\"                    padding:10px;\n                    \"\n                    >\n                                        \t\t\tMin.\t\t\t2j                    <\/td>\n                                                <td class=\"wpdt-cell \"\n                                            data-cell-id=\"D3\"\n                    data-col-index=\"3\"\n                    data-row-index=\"2\"\n                    style=\"                    padding:10px;\n                    \"\n                    >\n                                        \t\t\tPropos\u00e9\t\t\tpar le centre ou par le client                    <\/td>\n                                                <td class=\"wpdt-cell \"\n                                            data-cell-id=\"E3\"\n                    data-col-index=\"4\"\n                    data-row-index=\"2\"\n                    style=\"                    padding:10px;\n                    \"\n                    >\n                                        \t\t\tEn\t\t\tpr\u00e9sentiel ou \u00e0 distance                    <\/td>\n                                        <\/tr>\n                            <tr class=\"wpdt-cell-row odd\" >\n                                <td class=\"wpdt-cell \"\n                                            data-cell-id=\"A4\"\n                    data-col-index=\"0\"\n                    data-row-index=\"3\"\n                    style=\"                    padding:10px;\n                    \"\n                    >\n                                        PPTN03                    <\/td>\n                                                <td class=\"wpdt-cell \"\n                                            data-cell-id=\"B4\"\n                    data-col-index=\"1\"\n                    data-row-index=\"3\"\n                    style=\"                    padding:10px;\n                    \"\n                    >\n                                        Design de projets et dossiers internationaux                    <\/td>\n                                                <td class=\"wpdt-cell \"\n                                            data-cell-id=\"C4\"\n                    data-col-index=\"2\"\n                    data-row-index=\"3\"\n                    style=\"                    padding:10px;\n                    \"\n                    >\n                                        \t\t\tMin.\t\t\t2j                    <\/td>\n                                                <td class=\"wpdt-cell \"\n                                            data-cell-id=\"D4\"\n                    data-col-index=\"3\"\n                    data-row-index=\"3\"\n                    style=\"                    padding:10px;\n                    \"\n                    >\n                                        \t\t\tPropos\u00e9\t\t\tpar le centre ou par le client                    <\/td>\n                                                <td class=\"wpdt-cell \"\n                                            data-cell-id=\"E4\"\n                    data-col-index=\"4\"\n                    data-row-index=\"3\"\n                    style=\"                    padding:10px;\n                    \"\n                    >\n                                        \t\t\tEn\t\t\tpr\u00e9sentiel ou \u00e0 distance                    <\/td>\n                                        <\/tr>\n                            <tr class=\"wpdt-cell-row even\" >\n                                <td class=\"wpdt-cell \"\n                                            data-cell-id=\"A5\"\n                    data-col-index=\"0\"\n                    data-row-index=\"4\"\n                    style=\"                    padding:10px;\n                    \"\n                    >\n                                        PPTN04                    <\/td>\n                                                <td class=\"wpdt-cell \"\n                                            data-cell-id=\"B5\"\n                    data-col-index=\"1\"\n                    data-row-index=\"4\"\n                    style=\"                    padding:10px;\n                    \"\n                    >\n                                        Formation-action - S\u00e9minaire de type \u00ab\u00a0Living Lab\u00a0\u00bb\u00a0: id\u00e9ation, innovation et strat\u00e9gie                    <\/td>\n                                                <td class=\"wpdt-cell \"\n                                            data-cell-id=\"C5\"\n                    data-col-index=\"2\"\n                    data-row-index=\"4\"\n                    style=\"                    padding:10px;\n                    \"\n                    >\n                                        \t\t\tMin.\t\t\t2j                    <\/td>\n                                                <td class=\"wpdt-cell \"\n                                            data-cell-id=\"D5\"\n                    data-col-index=\"3\"\n                    data-row-index=\"4\"\n                    style=\"                    padding:10px;\n                    \"\n                    >\n                                        \t\t\tPropos\u00e9\t\t\tpar le centre ou par le client                    <\/td>\n                                                <td class=\"wpdt-cell \"\n                                            data-cell-id=\"E5\"\n                    data-col-index=\"4\"\n                    data-row-index=\"4\"\n                    style=\"                    padding:10px;\n                    \"\n                    >\n                                        \t\t\tEn\t\t\tpr\u00e9sentiel ou \u00e0 distance                    <\/td>\n                                        <\/tr>\n                            <tr class=\"wpdt-cell-row odd\" >\n                                <td class=\"wpdt-cell \"\n                                            data-cell-id=\"A6\"\n                    data-col-index=\"0\"\n                    data-row-index=\"5\"\n                    style=\"                    padding:10px;\n                    \"\n                    >\n                                        PPTN05                    <\/td>\n                                                <td class=\"wpdt-cell \"\n                                            data-cell-id=\"B6\"\n                    data-col-index=\"1\"\n                    data-row-index=\"5\"\n                    style=\"                    padding:10px;\n                    \"\n                    >\n                                        Union europ\u00e9enne et m\u00e9thodologie de programmes de coop\u00e9ration et de financement (les organisations marocaines ont la possibilit\u00e9 d'\u00eatre coordinateurs de projets de recherche et d\u00e9veloppement HORIZON)                    <\/td>\n                                                <td class=\"wpdt-cell \"\n                                            data-cell-id=\"C6\"\n                    data-col-index=\"2\"\n                    data-row-index=\"5\"\n                    style=\"                    padding:10px;\n                    \"\n                    >\n                                        Min.\t\t\t1j                    <\/td>\n                                                <td class=\"wpdt-cell \"\n                                            data-cell-id=\"D6\"\n                    data-col-index=\"3\"\n                    data-row-index=\"5\"\n                    style=\"                    padding:10px;\n                    \"\n                    >\n                                        \t\t\tPropos\u00e9\t\t\tpar le centre ou par le client                    <\/td>\n                                                <td class=\"wpdt-cell \"\n                                            data-cell-id=\"E6\"\n                    data-col-index=\"4\"\n                    data-row-index=\"5\"\n                    style=\"                    padding:10px;\n                    \"\n                    >\n                                        \t\t\tEn\t\t\tpr\u00e9sentiel ou \u00e0 distance                    <\/td>\n                                        <\/tr>\n                    <\/table>\n<\/div><style id='wpdt-custom-style-14'>\n<\/style>\n<style>\n            \/* th background color *\/\n    .wpdt-c.wpDataTablesWrapper table.wpdtSimpleTable.bt[data-has-header='1'] td.wpdt-header-classes,\n    .wpdt-c.wpDataTablesWrapper table.wpdtSimpleTable thead th,\n    .wpdt-c .wpDataTablesWrapper table.wpDataTable thead th,\n    .wpdt-c .wpDataTablesWrapper table.wpDataTable thead th.sorting {\n        background-color: #0082f1 !important;\n        background-image: none !important;\n    }\n                \n                                                \n                <\/style>\n<\/div>\n","protected":false},"excerpt":{"rendered":"","protected":false},"author":1,"featured_media":0,"parent":0,"menu_order":0,"comment_status":"closed","ping_status":"closed","template":"","meta":{"footnotes":""},"_links":{"self":[{"href":"https:\/\/societe-cfee.com\/index.php\/wp-json\/wp\/v2\/pages\/26344"}],"collection":[{"href":"https:\/\/societe-cfee.com\/index.php\/wp-json\/wp\/v2\/pages"}],"about":[{"href":"https:\/\/societe-cfee.com\/index.php\/wp-json\/wp\/v2\/types\/page"}],"author":[{"embeddable":true,"href":"https:\/\/societe-cfee.com\/index.php\/wp-json\/wp\/v2\/users\/1"}],"replies":[{"embeddable":true,"href":"https:\/\/societe-cfee.com\/index.php\/wp-json\/wp\/v2\/comments?post=26344"}],"version-history":[{"count":1,"href":"https:\/\/societe-cfee.com\/index.php\/wp-json\/wp\/v2\/pages\/26344\/revisions"}],"predecessor-version":[{"id":26345,"href":"https:\/\/societe-cfee.com\/index.php\/wp-json\/wp\/v2\/pages\/26344\/revisions\/26345"}],"wp:attachment":[{"href":"https:\/\/societe-cfee.com\/index.php\/wp-json\/wp\/v2\/media?parent=26344"}],"curies":[{"name":"wp","href":"https:\/\/api.w.org\/{rel}","templated":true}]}}