{"id":26342,"date":"2022-04-18T11:54:48","date_gmt":"2022-04-18T09:54:48","guid":{"rendered":"https:\/\/societe-cfee.com\/?page_id=26342"},"modified":"2022-04-18T11:54:48","modified_gmt":"2022-04-18T09:54:48","slug":"gestion-des-dechets-et-economie-circulaire","status":"publish","type":"page","link":"https:\/\/societe-cfee.com\/index.php\/gestion-des-dechets-et-economie-circulaire\/","title":{"rendered":"Gestion des D\u00e9chets et Economie Circulaire"},"content":{"rendered":"\n<div class=\"wp-block-wpdatatables-wpdatatables-gutenberg-block\">\n    <h2 class=\"wpdt-c\"\n        id=\"wdt-table-title-13\">Gestion des D\u00e9chets et Economie Circulaire<\/h2>\n<div class=\"wpdt-c row wpDataTableContainerSimpleTable wpDataTables wpDataTablesWrapper\n wdtscroll\"\n    >\n        <table id=\"wpdtSimpleTable-13\"\n           style=\"border-collapse:collapse;\n                   border-spacing:0px;\"\n           class=\"wpdtSimpleTable wpDataTable\"\n           data-column=\"5\"\n           data-rows=\"8\"\n           data-wpID=\"13\"\n           data-responsive=\"0\"\n           data-has-header=\"1\">\n\n                    <thead>        <tr class=\"wpdt-cell-row \" >\n                                <th class=\"wpdt-cell \"\n                                            data-cell-id=\"A1\"\n                    data-col-index=\"0\"\n                    data-row-index=\"0\"\n                    style=\" width:100px;                    padding:10px;\n                    \"\n                    >\n                                        \t\t\tCode                    <\/th>\n                                                <th class=\"wpdt-cell \"\n                                            data-cell-id=\"B1\"\n                    data-col-index=\"1\"\n                    data-row-index=\"0\"\n                    style=\" width:345px;                    padding:10px;\n                    \"\n                    >\n                                        \t\t\tTh\u00e8mes                    <\/th>\n                                                <th class=\"wpdt-cell \"\n                                            data-cell-id=\"C1\"\n                    data-col-index=\"2\"\n                    data-row-index=\"0\"\n                    style=\" width:100px;                    padding:10px;\n                    \"\n                    >\n                                        \t\t\tDur\u00e9e                    <\/th>\n                                                <th class=\"wpdt-cell \"\n                                            data-cell-id=\"D1\"\n                    data-col-index=\"3\"\n                    data-row-index=\"0\"\n                    style=\" width:257px;                    padding:10px;\n                    \"\n                    >\n                                        \t\t\tLieu\t\t\tde la formation                    <\/th>\n                                                <th class=\"wpdt-cell \"\n                                            data-cell-id=\"E1\"\n                    data-col-index=\"4\"\n                    data-row-index=\"0\"\n                    style=\" width:257px;                    padding:10px;\n                    \"\n                    >\n                                        \t\t\tOrganisation                    <\/th>\n                                        <\/tr>\n                    <tbody>        <tr class=\"wpdt-cell-row odd\" >\n                                <td class=\"wpdt-cell \"\n                                            data-cell-id=\"A2\"\n                    data-col-index=\"0\"\n                    data-row-index=\"1\"\n                    style=\"                    padding:10px;\n                    \"\n                    >\n                                        GDEC01                    <\/td>\n                                                <td class=\"wpdt-cell \"\n                                            data-cell-id=\"B2\"\n                    data-col-index=\"1\"\n                    data-row-index=\"1\"\n                    style=\"                    padding:10px;\n                    \"\n                    >\n                                        Economie circulaire\u00a0: bases fondamentales et point sur la r\u00e9glementation AFNOR                    <\/td>\n                                                <td class=\"wpdt-cell \"\n                                            data-cell-id=\"C2\"\n                    data-col-index=\"2\"\n                    data-row-index=\"1\"\n                    style=\"                    padding:10px;\n                    \"\n                    >\n                                        Min.\t\t\t2j                    <\/td>\n                                                <td class=\"wpdt-cell \"\n                                            data-cell-id=\"D2\"\n                    data-col-index=\"3\"\n                    data-row-index=\"1\"\n                    style=\"                    padding:10px;\n                    \"\n                    >\n                                        \t\t\tPropos\u00e9\t\t\tpar le centre ou par le client                    <\/td>\n                                                <td class=\"wpdt-cell \"\n                                            data-cell-id=\"E2\"\n                    data-col-index=\"4\"\n                    data-row-index=\"1\"\n                    style=\"                    padding:10px;\n                    \"\n                    >\n                                        \t\t\tEn\t\t\tpr\u00e9sentiel ou \u00e0 distance                    <\/td>\n                                        <\/tr>\n                            <tr class=\"wpdt-cell-row even\" >\n                                <td class=\"wpdt-cell \"\n                                            data-cell-id=\"A3\"\n                    data-col-index=\"0\"\n                    data-row-index=\"2\"\n                    style=\"                    padding:10px;\n                    \"\n                    >\n                                        GDEC02                    <\/td>\n                                                <td class=\"wpdt-cell \"\n                                            data-cell-id=\"B3\"\n                    data-col-index=\"1\"\n                    data-row-index=\"2\"\n                    style=\"                    padding:10px;\n                    \"\n                    >\n                                        Bonnes pratiques pour la caract\u00e9risation des d\u00e9chets en vue de leur utilisation en g\u00e9nie civil                    <\/td>\n                                                <td class=\"wpdt-cell \"\n                                            data-cell-id=\"C3\"\n                    data-col-index=\"2\"\n                    data-row-index=\"2\"\n                    style=\"                    padding:10px;\n                    \"\n                    >\n                                        \t\t\tMin.\t\t\t2j                    <\/td>\n                                                <td class=\"wpdt-cell \"\n                                            data-cell-id=\"D3\"\n                    data-col-index=\"3\"\n                    data-row-index=\"2\"\n                    style=\"                    padding:10px;\n                    \"\n                    >\n                                        \t\t\tPropos\u00e9\t\t\tpar le centre ou par le client                    <\/td>\n                                                <td class=\"wpdt-cell \"\n                                            data-cell-id=\"E3\"\n                    data-col-index=\"4\"\n                    data-row-index=\"2\"\n                    style=\"                    padding:10px;\n                    \"\n                    >\n                                        \t\t\tEn\t\t\tpr\u00e9sentiel ou \u00e0 distance                    <\/td>\n                                        <\/tr>\n                            <tr class=\"wpdt-cell-row odd\" >\n                                <td class=\"wpdt-cell \"\n                                            data-cell-id=\"A4\"\n                    data-col-index=\"0\"\n                    data-row-index=\"3\"\n                    style=\"                    padding:10px;\n                    \"\n                    >\n                                        GDEC03                    <\/td>\n                                                <td class=\"wpdt-cell \"\n                                            data-cell-id=\"B4\"\n                    data-col-index=\"1\"\n                    data-row-index=\"3\"\n                    style=\"                    padding:10px;\n                    \"\n                    >\n                                        Notion de danger, d\u2019exposition et de risque\u00a0: application \u00e0 la valorisation des d\u00e9chets                    <\/td>\n                                                <td class=\"wpdt-cell \"\n                                            data-cell-id=\"C4\"\n                    data-col-index=\"2\"\n                    data-row-index=\"3\"\n                    style=\"                    padding:10px;\n                    \"\n                    >\n                                        \t\t\tMin.\t\t\t2j                    <\/td>\n                                                <td class=\"wpdt-cell \"\n                                            data-cell-id=\"D4\"\n                    data-col-index=\"3\"\n                    data-row-index=\"3\"\n                    style=\"                    padding:10px;\n                    \"\n                    >\n                                        \t\t\tPropos\u00e9\t\t\tpar le centre ou par le client                    <\/td>\n                                                <td class=\"wpdt-cell \"\n                                            data-cell-id=\"E4\"\n                    data-col-index=\"4\"\n                    data-row-index=\"3\"\n                    style=\"                    padding:10px;\n                    \"\n                    >\n                                        \t\t\tEn\t\t\tpr\u00e9sentiel ou \u00e0 distance                    <\/td>\n                                        <\/tr>\n                            <tr class=\"wpdt-cell-row even\" >\n                                <td class=\"wpdt-cell \"\n                                            data-cell-id=\"A5\"\n                    data-col-index=\"0\"\n                    data-row-index=\"4\"\n                    style=\"                    padding:10px;\n                    \"\n                    >\n                                        GDEC04                    <\/td>\n                                                <td class=\"wpdt-cell \"\n                                            data-cell-id=\"B5\"\n                    data-col-index=\"1\"\n                    data-row-index=\"4\"\n                    style=\"                    padding:10px;\n                    \"\n                    >\n                                        M\u00e9thodologies des formulations pour la r\u00e9alisation des graves routi\u00e8res, b\u00e9tons, coulis et \u00e9co-model\u00e9 paysag\u00e8re \u00e0 base des granulats issus des d\u00e9chets                    <\/td>\n                                                <td class=\"wpdt-cell \"\n                                            data-cell-id=\"C5\"\n                    data-col-index=\"2\"\n                    data-row-index=\"4\"\n                    style=\"                    padding:10px;\n                    \"\n                    >\n                                        \t\t\tMin.\t\t\t2j                    <\/td>\n                                                <td class=\"wpdt-cell \"\n                                            data-cell-id=\"D5\"\n                    data-col-index=\"3\"\n                    data-row-index=\"4\"\n                    style=\"                    padding:10px;\n                    \"\n                    >\n                                        \t\t\tPropos\u00e9\t\t\tpar le centre ou par le client                    <\/td>\n                                                <td class=\"wpdt-cell \"\n                                            data-cell-id=\"E5\"\n                    data-col-index=\"4\"\n                    data-row-index=\"4\"\n                    style=\"                    padding:10px;\n                    \"\n                    >\n                                        \t\t\tEn\t\t\tpr\u00e9sentiel ou \u00e0 distance                    <\/td>\n                                        <\/tr>\n                            <tr class=\"wpdt-cell-row odd\" >\n                                <td class=\"wpdt-cell \"\n                                            data-cell-id=\"A6\"\n                    data-col-index=\"0\"\n                    data-row-index=\"5\"\n                    style=\"                    padding:10px;\n                    \"\n                    >\n                                        GDEC05                    <\/td>\n                                                <td class=\"wpdt-cell \"\n                                            data-cell-id=\"B6\"\n                    data-col-index=\"1\"\n                    data-row-index=\"5\"\n                    style=\"                    padding:10px;\n                    \"\n                    >\n                                        Evaluation environnementale de l\u2019utilisation des d\u00e9chets en g\u00e9nie civil                    <\/td>\n                                                <td class=\"wpdt-cell \"\n                                            data-cell-id=\"C6\"\n                    data-col-index=\"2\"\n                    data-row-index=\"5\"\n                    style=\"                    padding:10px;\n                    \"\n                    >\n                                        Min.\t\t\t1j                    <\/td>\n                                                <td class=\"wpdt-cell \"\n                                            data-cell-id=\"D6\"\n                    data-col-index=\"3\"\n                    data-row-index=\"5\"\n                    style=\"                    padding:10px;\n                    \"\n                    >\n                                        \t\t\tPropos\u00e9\t\t\tpar le centre ou par le client                    <\/td>\n                                                <td class=\"wpdt-cell \"\n                                            data-cell-id=\"E6\"\n                    data-col-index=\"4\"\n                    data-row-index=\"5\"\n                    style=\"                    padding:10px;\n                    \"\n                    >\n                                        \t\t\tEn\t\t\tpr\u00e9sentiel ou \u00e0 distance                    <\/td>\n                                        <\/tr>\n                            <tr class=\"wpdt-cell-row even\" >\n                                <td class=\"wpdt-cell \"\n                                            data-cell-id=\"A7\"\n                    data-col-index=\"0\"\n                    data-row-index=\"6\"\n                    style=\"                    padding:10px;\n                    \"\n                    >\n                                        GDEC06                    <\/td>\n                                                <td class=\"wpdt-cell \"\n                                            data-cell-id=\"B7\"\n                    data-col-index=\"1\"\n                    data-row-index=\"6\"\n                    style=\"                    padding:10px;\n                    \"\n                    >\n                                        Technique de valorisation des s\u00e9diments des ports et des fleuves en am\u00e9nagement urbain                    <\/td>\n                                                <td class=\"wpdt-cell \"\n                                            data-cell-id=\"C7\"\n                    data-col-index=\"2\"\n                    data-row-index=\"6\"\n                    style=\"                    padding:10px;\n                    \"\n                    >\n                                        \t\t\tMin.\t\t\t2j                    <\/td>\n                                                <td class=\"wpdt-cell \"\n                                            data-cell-id=\"D7\"\n                    data-col-index=\"3\"\n                    data-row-index=\"6\"\n                    style=\"                    padding:10px;\n                    \"\n                    >\n                                        \t\t\tPropos\u00e9\t\t\tpar le centre ou par le client                    <\/td>\n                                                <td class=\"wpdt-cell \"\n                                            data-cell-id=\"E7\"\n                    data-col-index=\"4\"\n                    data-row-index=\"6\"\n                    style=\"                    padding:10px;\n                    \"\n                    >\n                                        \t\t\tEn\t\t\tpr\u00e9sentiel ou \u00e0 distance                    <\/td>\n                                        <\/tr>\n                            <tr class=\"wpdt-cell-row odd\" >\n                                <td class=\"wpdt-cell \"\n                                            data-cell-id=\"A8\"\n                    data-col-index=\"0\"\n                    data-row-index=\"7\"\n                    style=\"                    padding:10px;\n                    \"\n                    >\n                                        GDEC07                    <\/td>\n                                                <td class=\"wpdt-cell \"\n                                            data-cell-id=\"B8\"\n                    data-col-index=\"1\"\n                    data-row-index=\"7\"\n                    style=\"                    padding:10px;\n                    \"\n                    >\n                                        La g\u00e9otechnique environnementale                    <\/td>\n                                                <td class=\"wpdt-cell \"\n                                            data-cell-id=\"C8\"\n                    data-col-index=\"2\"\n                    data-row-index=\"7\"\n                    style=\"                    padding:10px;\n                    \"\n                    >\n                                        \t\t\tMin.\t\t\t2j                    <\/td>\n                                                <td class=\"wpdt-cell \"\n                                            data-cell-id=\"D8\"\n                    data-col-index=\"3\"\n                    data-row-index=\"7\"\n                    style=\"                    padding:10px;\n                    \"\n                    >\n                                        \t\t\tPropos\u00e9\t\t\tpar le centre ou par le client                    <\/td>\n                                                <td class=\"wpdt-cell \"\n                                            data-cell-id=\"E8\"\n                    data-col-index=\"4\"\n                    data-row-index=\"7\"\n                    style=\"                    padding:10px;\n                    \"\n                    >\n                                        \t\t\tEn\t\t\tpr\u00e9sentiel ou \u00e0 distance                    <\/td>\n                                        <\/tr>\n                    <\/table>\n<\/div><style id='wpdt-custom-style-13'>\n<\/style>\n<style>\n            \/* th background color *\/\n    .wpdt-c.wpDataTablesWrapper table.wpdtSimpleTable.bt[data-has-header='1'] td.wpdt-header-classes,\n    .wpdt-c.wpDataTablesWrapper table.wpdtSimpleTable thead th,\n    .wpdt-c .wpDataTablesWrapper table.wpDataTable thead th,\n    .wpdt-c .wpDataTablesWrapper table.wpDataTable thead th.sorting {\n        background-color: #0082f1 !important;\n        background-image: none !important;\n    }\n                \n                                                \n                <\/style>\n<\/div>\n","protected":false},"excerpt":{"rendered":"","protected":false},"author":1,"featured_media":0,"parent":0,"menu_order":0,"comment_status":"closed","ping_status":"closed","template":"","meta":{"footnotes":""},"_links":{"self":[{"href":"https:\/\/societe-cfee.com\/index.php\/wp-json\/wp\/v2\/pages\/26342"}],"collection":[{"href":"https:\/\/societe-cfee.com\/index.php\/wp-json\/wp\/v2\/pages"}],"about":[{"href":"https:\/\/societe-cfee.com\/index.php\/wp-json\/wp\/v2\/types\/page"}],"author":[{"embeddable":true,"href":"https:\/\/societe-cfee.com\/index.php\/wp-json\/wp\/v2\/users\/1"}],"replies":[{"embeddable":true,"href":"https:\/\/societe-cfee.com\/index.php\/wp-json\/wp\/v2\/comments?post=26342"}],"version-history":[{"count":1,"href":"https:\/\/societe-cfee.com\/index.php\/wp-json\/wp\/v2\/pages\/26342\/revisions"}],"predecessor-version":[{"id":26343,"href":"https:\/\/societe-cfee.com\/index.php\/wp-json\/wp\/v2\/pages\/26342\/revisions\/26343"}],"wp:attachment":[{"href":"https:\/\/societe-cfee.com\/index.php\/wp-json\/wp\/v2\/media?parent=26342"}],"curies":[{"name":"wp","href":"https:\/\/api.w.org\/{rel}","templated":true}]}}