{"id":26262,"date":"2022-03-11T14:08:23","date_gmt":"2022-03-11T12:08:23","guid":{"rendered":"https:\/\/societe-cfee.com\/?page_id=26262"},"modified":"2022-03-11T14:08:58","modified_gmt":"2022-03-11T12:08:58","slug":"nos-projets","status":"publish","type":"page","link":"https:\/\/societe-cfee.com\/index.php\/nos-projets\/","title":{"rendered":"Nos projets"},"content":{"rendered":"\t\t<div data-elementor-type=\"wp-page\" data-elementor-id=\"26262\" class=\"elementor elementor-26262\" data-elementor-settings=\"[]\">\n\t\t\t\t\t\t\t<div class=\"elementor-section-wrap\">\n\t\t\t\t\t\t\t<section class=\"elementor-section elementor-top-section elementor-element elementor-element-a031dac elementor-section-boxed elementor-section-height-default elementor-section-height-default\" data-id=\"a031dac\" data-element_type=\"section\">\n\t\t\t\t\t\t<div class=\"elementor-container elementor-column-gap-default\">\n\t\t\t\t\t<div class=\"elementor-column elementor-col-100 elementor-top-column elementor-element elementor-element-3263b2a\" data-id=\"3263b2a\" data-element_type=\"column\">\n\t\t\t<div class=\"elementor-widget-wrap elementor-element-populated\">\n\t\t\t\t\t\t\t\t<div class=\"elementor-element elementor-element-cfa4ba0 elementor-widget elementor-widget-rsportfolio\" data-id=\"cfa4ba0\" data-element_type=\"widget\" data-widget_type=\"rsportfolio.default\">\n\t\t\t\t<div class=\"elementor-widget-container\">\n\t\t\t\t\t<div class=\"rs-portfolio-style1 rsaddon_pro_box\">\n\t\t\t<div class=\"grid\">\n\t\t\t\t<div class=\"row \">\n\n\t\t\t\t    \r\n\t\t<div class=\"col-lg- col-md-6 col-xs-1 grid-item\">\r\n\t\t\t<div class=\"portfolio-item content-overlay\">\r\n\t\t\t\t                    <div class=\"portfolio-img\">\r\n                    \t<img loading=\"lazy\" decoding=\"async\" width=\"340\" height=\"270\" src=\"https:\/\/societe-cfee.com\/wp-content\/uploads\/2021\/10\/bg-2-340x270.jpg\" class=\"attachment-bizup_latest_blog_medium size-bizup_latest_blog_medium wp-post-image\" alt=\"\" \/>                    \t                    \t\t<a href=\"https:\/\/societe-cfee.com\/index.php\/portfolios\/progiciel-prodme\/\" >\r\n\t                    \t\t\t                    \t<\/a>\r\n                    \t                    <\/div>\r\n                \r\n                <div class=\"portfolio-details\">\r\n                \t                \t\t<h3 class=\"p-title\">\r\n                \t\t\t                \t\t\t\t<a class=\"pointer-events\" href=\"#rs_port_1\" data-effect=\"mfp-zoom-in\">Progiciel ProDME<\/a>\r\n                \t\t\t                \t\t<\/h3>\r\n                \t                \t<p class=\"p-category\"> <a href=\"https:\/\/societe-cfee.com\/index.php\/portfolio-category\/cfee\/\" rel=\"tag\">cfee<\/a><\/p>\r\n                <\/div>\r\n            <\/div>\r\n\t\t<\/div>\r\n\r\n\t\t<!-- Popup Content Information -->\r\n\t\t<div id=\"rs_port_1\" class=\"rspopup_style1 mfp-with-anim mfp-hide\" >\r\n\t\t\t\t\t\t\t\r\n\t\t\t<div class=\"rsteam_content\">\r\n\t\t\t\t<h3 class=\"title\" >Progiciel ProDME<\/h3>\r\n\t\t\t\t<div class=\"team-des\" >\r\n\t\t\t\t\t<div class=\"elementor-element elementor-element-2e82e95 elementor-widget elementor-widget-heading\" data-id=\"2e82e95\" data-element_type=\"widget\" data-widget_type=\"heading.default\">\n<div class=\"elementor-widget-container\">\n<h2 class=\"elementor-heading-title elementor-size-default\">Le centre CFEE<\/h2>\n<\/div>\n<\/div>\n<div class=\"elementor-element elementor-element-736695a elementor-widget elementor-widget-text-editor\" data-id=\"736695a\" data-element_type=\"widget\" data-widget_type=\"text-editor.default\">\n<div class=\"elementor-widget-container\">\n<p lang=\"fr-FR\" align=\"justify\"><span lang=\"fr-FR\">s\u2019appuie sur le d\u00e9veloppement de progiciels et la repr\u00e9sentativit\u00e9 des \u00e9diteurs internationaux au Maroc. La premi\u00e8re solution informatique qui vient d\u2019\u00eatre mise au point est \u00ab\u00a0ProDME\u00a0\u00bb<\/span><\/p>\n<p class=\"western\" lang=\"fr-FR\" align=\"justify\"><span lang=\"fr-FR\">Ce progiciel\u00a0<\/span><span lang=\"fr-FR\">permet\u00a0<\/span><span lang=\"fr-FR\">de<\/span>\u00a0diagnostiquer\u00a0ais\u00e9ment<span lang=\"fr-FR\">\u00a0la\u00a0<\/span>fonction\u00a0maintenance<span lang=\"fr-FR\">\u00a0au sein des<\/span>\u00a0entreprises\u00a0poss\u00e9dant\u00a0d\u00e9j\u00e0 une\u00a0gestion\u00a0informatis\u00e9e\u00a0de la\u00a0maintenance\u00a0(\u00e0\u00a0l\u2019aide\u00a0d\u2019une\u00a0GMAO\u00a0ou\u00a0d\u2019un\u00a0ERP)<span lang=\"fr-FR\">\u00a0et m\u00eame pour\u00a0<\/span>celles\u00a0qui\u00a0n\u2019ont\u00a0pas\u00a0encore\u00a0informatis\u00e9\u00a0cette\u00a0fonction<span lang=\"fr-FR\">.<\/span>\u00a0<span lang=\"fr-FR\">Il se\u00a0<\/span><span lang=\"fr-FR\">base principalement sur l\u2019examen des axes suivants, correspondants \u00e0 :<\/span><\/p>\n<p class=\"western\" lang=\"fr-FR\" align=\"justify\"><span lang=\"fr-FR\">\u00a0<\/span><\/p>\n<\/div>\n<\/div>\n<section class=\"elementor-section elementor-inner-section elementor-element elementor-element-c5b0d13 elementor-section-boxed elementor-section-height-default elementor-section-height-default\" data-id=\"c5b0d13\" data-element_type=\"section\">\n<div class=\"elementor-container elementor-column-gap-default\">\n<div class=\"elementor-column elementor-col-100 elementor-inner-column elementor-element elementor-element-365bb10\" data-id=\"365bb10\" data-element_type=\"column\">\n<div class=\"elementor-widget-wrap elementor-element-populated\">\n<div class=\"elementor-element elementor-element-c14d706 elementor-widget elementor-widget-rsfeatureslist\" data-id=\"c14d706\" data-element_type=\"widget\" data-widget_type=\"rsfeatureslist.default\">\n<div class=\"elementor-widget-container\">\n<div class=\"rs-features-list-content\">\n<ul class=\"rs-features-list\">\n<li class=\"elementor-repeater-item-0348abf\"><i class=\"fa fa-check-circle\"><\/i><span class=\"rs-feature-text\">Tout ce qui touche l\u2019organisation et la structuration de la fonction maintenance<\/span><\/li>\n<li class=\"elementor-repeater-item-cb9e02c\"><i class=\"fa fa-check-circle\"><\/i><span class=\"rs-feature-text\">La gestion des intervenants<\/span><\/li>\n<li class=\"elementor-repeater-item-88cbb66\"><i class=\"fa fa-check-circle\"><\/i><span class=\"rs-feature-text\">La gestion des interventions<\/span><\/li>\n<li class=\"elementor-repeater-item-e173c11\"><i class=\"fa fa-check-circle\"><\/i><span class=\"rs-feature-text\">La gestion des stocks et approvisionnements<\/span><\/li>\n<li class=\"elementor-repeater-item-eb08a49\"><i class=\"fa fa-check-circle\"><\/i><span class=\"rs-feature-text\">La gestion des co\u00fbts et suivi des d\u00e9penses<\/span><\/li>\n<li class=\"elementor-repeater-item-0f76ff8\"><i class=\"fa fa-check-circle\"><\/i><span class=\"rs-feature-text\">La gestion et exploitation de la documentation<\/span><\/li>\n<li class=\"elementor-repeater-item-4b489ff\"><i class=\"fa fa-check-circle\"><\/i><span class=\"rs-feature-text\">La maintenance et les syst\u00e8mes d\u2019information<\/span><\/li>\n<li class=\"elementor-repeater-item-8b8e680\"><i class=\"fa fa-check-circle\"><\/i><span class=\"rs-feature-text\">La maintenance et la s\u00fbret\u00e9 de fonctionnement<\/span><\/li>\n<\/ul>\n<\/div>\n<\/div>\n<\/div>\n<\/div>\n<\/div>\n<\/div>\n<\/section>\n<div class=\"elementor-element elementor-element-1e7382d elementor-widget elementor-widget-text-editor\" data-id=\"1e7382d\" data-element_type=\"widget\" data-widget_type=\"text-editor.default\">\n<div class=\"elementor-widget-container\">\n<p>&nbsp;<\/p>\n<\/div>\n<\/div>\n\t\t\t\t<\/div>\r\n\r\n\t\t\t\t<ul class=\"project-info\" >\r\n\t\t\t\t\t\r\n\t\t\t\t\t\t\t\t\t\t\r\n\t\t\t\t\t\t\t\t\t\t\r\n\t\t\t\t\t\t\t\t\t\t\r\n\t\t\t\t\t\t\t\t\t\t\r\n\t\t\t\t\t\t\t\t\t<\/ul>\r\n\t\t\t<\/div>\t\t\t\r\n\t\t\t\r\n\t\t<\/div>\r\n\t  \r\n\t\t\t\t<\/div>\n\t\t\t<\/div>\n\n\t\t<\/div>\n\t\n\t\t\t<\/div>\n\t\t\t\t<\/div>\n\t\t\t\t\t<\/div>\n\t\t<\/div>\n\t\t\t\t\t\t\t<\/div>\n\t\t<\/section>\n\t\t\t\t\t\t<\/div>\n\t\t\t\t\t<\/div>\n\t\t","protected":false},"excerpt":{"rendered":"<p>Progiciel ProDME cfee Progiciel ProDME Le centre CFEE s\u2019appuie sur le d\u00e9veloppement de progiciels et la repr\u00e9sentativit\u00e9 des \u00e9diteurs internationaux au Maroc. La premi\u00e8re solution informatique qui vient d\u2019\u00eatre mise au point est \u00ab\u00a0ProDME\u00a0\u00bb Ce progiciel\u00a0permet\u00a0de\u00a0diagnostiquer\u00a0ais\u00e9ment\u00a0la\u00a0fonction\u00a0maintenance\u00a0au sein des\u00a0entreprises\u00a0poss\u00e9dant\u00a0d\u00e9j\u00e0 une\u00a0gestion\u00a0informatis\u00e9e\u00a0de la\u00a0maintenance\u00a0(\u00e0\u00a0l\u2019aide\u00a0d\u2019une\u00a0GMAO\u00a0ou\u00a0d\u2019un\u00a0ERP)\u00a0et m\u00eame pour\u00a0celles\u00a0qui\u00a0n\u2019ont\u00a0pas\u00a0encore\u00a0informatis\u00e9\u00a0cette\u00a0fonction.\u00a0Il se\u00a0base principalement sur l\u2019examen des axes suivants, correspondants \u00e0 : \u00a0 Tout ce&#8230;<\/p>\n","protected":false},"author":1,"featured_media":0,"parent":0,"menu_order":0,"comment_status":"closed","ping_status":"closed","template":"","meta":{"footnotes":""},"_links":{"self":[{"href":"https:\/\/societe-cfee.com\/index.php\/wp-json\/wp\/v2\/pages\/26262"}],"collection":[{"href":"https:\/\/societe-cfee.com\/index.php\/wp-json\/wp\/v2\/pages"}],"about":[{"href":"https:\/\/societe-cfee.com\/index.php\/wp-json\/wp\/v2\/types\/page"}],"author":[{"embeddable":true,"href":"https:\/\/societe-cfee.com\/index.php\/wp-json\/wp\/v2\/users\/1"}],"replies":[{"embeddable":true,"href":"https:\/\/societe-cfee.com\/index.php\/wp-json\/wp\/v2\/comments?post=26262"}],"version-history":[{"count":4,"href":"https:\/\/societe-cfee.com\/index.php\/wp-json\/wp\/v2\/pages\/26262\/revisions"}],"predecessor-version":[{"id":26266,"href":"https:\/\/societe-cfee.com\/index.php\/wp-json\/wp\/v2\/pages\/26262\/revisions\/26266"}],"wp:attachment":[{"href":"https:\/\/societe-cfee.com\/index.php\/wp-json\/wp\/v2\/media?parent=26262"}],"curies":[{"name":"wp","href":"https:\/\/api.w.org\/{rel}","templated":true}]}}