{"id":26220,"date":"2022-03-11T13:36:38","date_gmt":"2022-03-11T11:36:38","guid":{"rendered":"https:\/\/societe-cfee.com\/?page_id=26220"},"modified":"2022-03-11T13:36:39","modified_gmt":"2022-03-11T11:36:39","slug":"legislation-et-reglementation-minieres-au-maroc","status":"publish","type":"page","link":"https:\/\/societe-cfee.com\/index.php\/legislation-et-reglementation-minieres-au-maroc\/","title":{"rendered":"L\u00e9gislation et R\u00e9glementation Mini\u00e8res au Maroc"},"content":{"rendered":"\n<div class=\"wp-block-wpdatatables-wpdatatables-gutenberg-block\">\n    <h2 class=\"wpdt-c\"\n        id=\"wdt-table-title-9\">Design Strat\u00e9gique, Innovation et Cr\u00e9ativit\u00e9<\/h2>\n<div class=\"wpdt-c row wpDataTableContainerSimpleTable wpDataTables wpDataTablesWrapper\n wdtscroll\"\n    >\n        <table id=\"wpdtSimpleTable-9\"\n           style=\"border-collapse:collapse;\n                   border-spacing:0px;\"\n           class=\"wpdtSimpleTable wpDataTable\"\n           data-column=\"5\"\n           data-rows=\"8\"\n           data-wpID=\"9\"\n           data-responsive=\"0\"\n           data-has-header=\"1\">\n\n                    <thead>        <tr class=\"wpdt-cell-row \" >\n                                <th class=\"wpdt-cell \"\n                                            data-cell-id=\"A1\"\n                    data-col-index=\"0\"\n                    data-row-index=\"0\"\n                    style=\" width:100px;                    padding:10px;\n                    \"\n                    >\n                                        \t\t\tCode                    <\/th>\n                                                <th class=\"wpdt-cell \"\n                                            data-cell-id=\"B1\"\n                    data-col-index=\"1\"\n                    data-row-index=\"0\"\n                    style=\" width:351px;                    padding:10px;\n                    \"\n                    >\n                                        \t\t\tTh\u00e8mes                    <\/th>\n                                                <th class=\"wpdt-cell \"\n                                            data-cell-id=\"C1\"\n                    data-col-index=\"2\"\n                    data-row-index=\"0\"\n                    style=\" width:100px;                    padding:10px;\n                    \"\n                    >\n                                        \t\t\tDur\u00e9e                    <\/th>\n                                                <th class=\"wpdt-cell \"\n                                            data-cell-id=\"D1\"\n                    data-col-index=\"3\"\n                    data-row-index=\"0\"\n                    style=\" width:250px;                    padding:10px;\n                    \"\n                    >\n                                        \t\t\tLieu\t\t\tde la formation                    <\/th>\n                                                <th class=\"wpdt-cell \"\n                                            data-cell-id=\"E1\"\n                    data-col-index=\"4\"\n                    data-row-index=\"0\"\n                    style=\" width:236px;                    padding:10px;\n                    \"\n                    >\n                                        \t\t\tOrganisation                    <\/th>\n                                        <\/tr>\n                    <tbody>        <tr class=\"wpdt-cell-row odd\" >\n                                <td class=\"wpdt-cell \"\n                                            data-cell-id=\"A2\"\n                    data-col-index=\"0\"\n                    data-row-index=\"1\"\n                    style=\"                    padding:10px;\n                    \"\n                    >\n                                        DSIC01                    <\/td>\n                                                <td class=\"wpdt-cell \"\n                                            data-cell-id=\"B2\"\n                    data-col-index=\"1\"\n                    data-row-index=\"1\"\n                    style=\"                    padding:10px;\n                    \"\n                    >\n                                        Design Strat\u00e9gique                    <\/td>\n                                                <td class=\"wpdt-cell \"\n                                            data-cell-id=\"C2\"\n                    data-col-index=\"2\"\n                    data-row-index=\"1\"\n                    style=\"                    padding:10px;\n                    \"\n                    >\n                                        \t\t\tMin.\t\t\t2j                    <\/td>\n                                                <td class=\"wpdt-cell \"\n                                            data-cell-id=\"D2\"\n                    data-col-index=\"3\"\n                    data-row-index=\"1\"\n                    style=\"                    padding:10px;\n                    \"\n                    >\n                                        \t\t\tPropos\u00e9\t\t\tpar le centre ou par le client                    <\/td>\n                                                <td class=\"wpdt-cell \"\n                                            data-cell-id=\"E2\"\n                    data-col-index=\"4\"\n                    data-row-index=\"1\"\n                    style=\"                    padding:10px;\n                    \"\n                    >\n                                        \t\t\tEn\t\t\tpr\u00e9sentiel ou \u00e0 distance                    <\/td>\n                                        <\/tr>\n                            <tr class=\"wpdt-cell-row even\" >\n                                <td class=\"wpdt-cell \"\n                                            data-cell-id=\"A3\"\n                    data-col-index=\"0\"\n                    data-row-index=\"2\"\n                    style=\"                    padding:10px;\n                    \"\n                    >\n                                        \t\t\tDSIC02                    <\/td>\n                                                <td class=\"wpdt-cell \"\n                                            data-cell-id=\"B3\"\n                    data-col-index=\"1\"\n                    data-row-index=\"2\"\n                    style=\"                    padding:10px;\n                    \"\n                    >\n                                        \t\t\tInnovation\t\t\tet \u00ab\u00a0Design Thinking\u00a0\u00bb                    <\/td>\n                                                <td class=\"wpdt-cell \"\n                                            data-cell-id=\"C3\"\n                    data-col-index=\"2\"\n                    data-row-index=\"2\"\n                    style=\"                    padding:10px;\n                    \"\n                    >\n                                        \t\t\tMin.\t\t\t2j                    <\/td>\n                                                <td class=\"wpdt-cell \"\n                                            data-cell-id=\"D3\"\n                    data-col-index=\"3\"\n                    data-row-index=\"2\"\n                    style=\"                    padding:10px;\n                    \"\n                    >\n                                        \t\t\tPropos\u00e9\t\t\tpar le centre ou par le client                    <\/td>\n                                                <td class=\"wpdt-cell \"\n                                            data-cell-id=\"E3\"\n                    data-col-index=\"4\"\n                    data-row-index=\"2\"\n                    style=\"                    padding:10px;\n                    \"\n                    >\n                                        \t\t\tEn\t\t\tpr\u00e9sentiel ou \u00e0 distance                    <\/td>\n                                        <\/tr>\n                            <tr class=\"wpdt-cell-row odd\" >\n                                <td class=\"wpdt-cell \"\n                                            data-cell-id=\"A4\"\n                    data-col-index=\"0\"\n                    data-row-index=\"3\"\n                    style=\"                    padding:10px;\n                    \"\n                    >\n                                        DSIC03                    <\/td>\n                                                <td class=\"wpdt-cell \"\n                                            data-cell-id=\"B4\"\n                    data-col-index=\"1\"\n                    data-row-index=\"3\"\n                    style=\"                    padding:10px;\n                    \"\n                    >\n                                        Design Projets de Smart City                    <\/td>\n                                                <td class=\"wpdt-cell \"\n                                            data-cell-id=\"C4\"\n                    data-col-index=\"2\"\n                    data-row-index=\"3\"\n                    style=\"                    padding:10px;\n                    \"\n                    >\n                                        \t\t\tMin.\t\t\t2j                    <\/td>\n                                                <td class=\"wpdt-cell \"\n                                            data-cell-id=\"D4\"\n                    data-col-index=\"3\"\n                    data-row-index=\"3\"\n                    style=\"                    padding:10px;\n                    \"\n                    >\n                                        \t\t\tPropos\u00e9\t\t\tpar le centre ou par le client                    <\/td>\n                                                <td class=\"wpdt-cell \"\n                                            data-cell-id=\"E4\"\n                    data-col-index=\"4\"\n                    data-row-index=\"3\"\n                    style=\"                    padding:10px;\n                    \"\n                    >\n                                        \t\t\tEn\t\t\tpr\u00e9sentiel ou \u00e0 distance                    <\/td>\n                                        <\/tr>\n                            <tr class=\"wpdt-cell-row even\" >\n                                <td class=\"wpdt-cell \"\n                                            data-cell-id=\"A5\"\n                    data-col-index=\"0\"\n                    data-row-index=\"4\"\n                    style=\"                    padding:10px;\n                    \"\n                    >\n                                        DSIC04                    <\/td>\n                                                <td class=\"wpdt-cell \"\n                                            data-cell-id=\"B5\"\n                    data-col-index=\"1\"\n                    data-row-index=\"4\"\n                    style=\"                    padding:10px;\n                    \"\n                    >\n                                        Design de projets territoriaux                    <\/td>\n                                                <td class=\"wpdt-cell \"\n                                            data-cell-id=\"C5\"\n                    data-col-index=\"2\"\n                    data-row-index=\"4\"\n                    style=\"                    padding:10px;\n                    \"\n                    >\n                                        \t\t\tMin.\t\t\t2j                    <\/td>\n                                                <td class=\"wpdt-cell \"\n                                            data-cell-id=\"D5\"\n                    data-col-index=\"3\"\n                    data-row-index=\"4\"\n                    style=\"                    padding:10px;\n                    \"\n                    >\n                                        \t\t\tPropos\u00e9\t\t\tpar le centre ou par le client                    <\/td>\n                                                <td class=\"wpdt-cell \"\n                                            data-cell-id=\"E5\"\n                    data-col-index=\"4\"\n                    data-row-index=\"4\"\n                    style=\"                    padding:10px;\n                    \"\n                    >\n                                        \t\t\tEn\t\t\tpr\u00e9sentiel ou \u00e0 distance                    <\/td>\n                                        <\/tr>\n                            <tr class=\"wpdt-cell-row odd\" >\n                                <td class=\"wpdt-cell \"\n                                            data-cell-id=\"A6\"\n                    data-col-index=\"0\"\n                    data-row-index=\"5\"\n                    style=\"                    padding:10px;\n                    \"\n                    >\n                                        DSIC05                    <\/td>\n                                                <td class=\"wpdt-cell \"\n                                            data-cell-id=\"B6\"\n                    data-col-index=\"1\"\n                    data-row-index=\"5\"\n                    style=\"                    padding:10px;\n                    \"\n                    >\n                                        Design de projets et dossiers internationaux                    <\/td>\n                                                <td class=\"wpdt-cell \"\n                                            data-cell-id=\"C6\"\n                    data-col-index=\"2\"\n                    data-row-index=\"5\"\n                    style=\"                    padding:10px;\n                    \"\n                    >\n                                        \t\t\tMin.\t\t\t2j                    <\/td>\n                                                <td class=\"wpdt-cell \"\n                                            data-cell-id=\"D6\"\n                    data-col-index=\"3\"\n                    data-row-index=\"5\"\n                    style=\"                    padding:10px;\n                    \"\n                    >\n                                        \t\t\tPropos\u00e9\t\t\tpar le centre ou par le client                    <\/td>\n                                                <td class=\"wpdt-cell \"\n                                            data-cell-id=\"E6\"\n                    data-col-index=\"4\"\n                    data-row-index=\"5\"\n                    style=\"                    padding:10px;\n                    \"\n                    >\n                                        \t\t\tEn\t\t\tpr\u00e9sentiel ou \u00e0 distance                    <\/td>\n                                        <\/tr>\n                            <tr class=\"wpdt-cell-row even\" >\n                                <td class=\"wpdt-cell \"\n                                            data-cell-id=\"A7\"\n                    data-col-index=\"0\"\n                    data-row-index=\"6\"\n                    style=\"                    padding:10px;\n                    \"\n                    >\n                                        DSIC06                    <\/td>\n                                                <td class=\"wpdt-cell \"\n                                            data-cell-id=\"B7\"\n                    data-col-index=\"1\"\n                    data-row-index=\"6\"\n                    style=\"                    padding:10px;\n                    \"\n                    >\n                                        Formation-action - S\u00e9minaire de type \u00ab\u00a0Living Lab\u00a0\u00bb\u00a0: id\u00e9ation, innovation et strat\u00e9gie                    <\/td>\n                                                <td class=\"wpdt-cell \"\n                                            data-cell-id=\"C7\"\n                    data-col-index=\"2\"\n                    data-row-index=\"6\"\n                    style=\"                    padding:10px;\n                    \"\n                    >\n                                        \t\t\tMin.\t\t\t2j                    <\/td>\n                                                <td class=\"wpdt-cell \"\n                                            data-cell-id=\"D7\"\n                    data-col-index=\"3\"\n                    data-row-index=\"6\"\n                    style=\"                    padding:10px;\n                    \"\n                    >\n                                        \t\t\tPropos\u00e9\t\t\tpar le centre ou par le client                    <\/td>\n                                                <td class=\"wpdt-cell \"\n                                            data-cell-id=\"E7\"\n                    data-col-index=\"4\"\n                    data-row-index=\"6\"\n                    style=\"                    padding:10px;\n                    \"\n                    >\n                                        \t\t\tEn\t\t\tpr\u00e9sentiel ou \u00e0 distance                    <\/td>\n                                        <\/tr>\n                            <tr class=\"wpdt-cell-row odd\" >\n                                <td class=\"wpdt-cell \"\n                                            data-cell-id=\"A8\"\n                    data-col-index=\"0\"\n                    data-row-index=\"7\"\n                    style=\"                    padding:10px;\n                    \"\n                    >\n                                        DSIC07                    <\/td>\n                                                <td class=\"wpdt-cell \"\n                                            data-cell-id=\"B8\"\n                    data-col-index=\"1\"\n                    data-row-index=\"7\"\n                    style=\"                    padding:10px;\n                    \"\n                    >\n                                        Gestion de la cr\u00e9ativit\u00e9                    <\/td>\n                                                <td class=\"wpdt-cell \"\n                                            data-cell-id=\"C8\"\n                    data-col-index=\"2\"\n                    data-row-index=\"7\"\n                    style=\"                    padding:10px;\n                    \"\n                    >\n                                        \t\t\tMin.\t\t\t2j                    <\/td>\n                                                <td class=\"wpdt-cell \"\n                                            data-cell-id=\"D8\"\n                    data-col-index=\"3\"\n                    data-row-index=\"7\"\n                    style=\"                    padding:10px;\n                    \"\n                    >\n                                        \t\t\tPropos\u00e9\t\t\tpar le centre ou par le client                    <\/td>\n                                                <td class=\"wpdt-cell \"\n                                            data-cell-id=\"E8\"\n                    data-col-index=\"4\"\n                    data-row-index=\"7\"\n                    style=\"                    padding:10px;\n                    \"\n                    >\n                                        \t\t\tEn\t\t\tpr\u00e9sentiel ou \u00e0 distance                    <\/td>\n                                        <\/tr>\n                    <\/table>\n<\/div><style id='wpdt-custom-style-9'>\n<\/style>\n<style>\n            \/* th background color *\/\n    .wpdt-c.wpDataTablesWrapper table.wpdtSimpleTable.bt[data-has-header='1'] td.wpdt-header-classes,\n    .wpdt-c.wpDataTablesWrapper table.wpdtSimpleTable thead th,\n    .wpdt-c .wpDataTablesWrapper table.wpDataTable thead th,\n    .wpdt-c .wpDataTablesWrapper table.wpDataTable thead th.sorting {\n        background-color: #0082f1 !important;\n        background-image: none !important;\n    }\n                \n                                                \n                <\/style>\n<\/div>\n","protected":false},"excerpt":{"rendered":"","protected":false},"author":1,"featured_media":0,"parent":0,"menu_order":0,"comment_status":"closed","ping_status":"closed","template":"","meta":{"footnotes":""},"_links":{"self":[{"href":"https:\/\/societe-cfee.com\/index.php\/wp-json\/wp\/v2\/pages\/26220"}],"collection":[{"href":"https:\/\/societe-cfee.com\/index.php\/wp-json\/wp\/v2\/pages"}],"about":[{"href":"https:\/\/societe-cfee.com\/index.php\/wp-json\/wp\/v2\/types\/page"}],"author":[{"embeddable":true,"href":"https:\/\/societe-cfee.com\/index.php\/wp-json\/wp\/v2\/users\/1"}],"replies":[{"embeddable":true,"href":"https:\/\/societe-cfee.com\/index.php\/wp-json\/wp\/v2\/comments?post=26220"}],"version-history":[{"count":1,"href":"https:\/\/societe-cfee.com\/index.php\/wp-json\/wp\/v2\/pages\/26220\/revisions"}],"predecessor-version":[{"id":26221,"href":"https:\/\/societe-cfee.com\/index.php\/wp-json\/wp\/v2\/pages\/26220\/revisions\/26221"}],"wp:attachment":[{"href":"https:\/\/societe-cfee.com\/index.php\/wp-json\/wp\/v2\/media?parent=26220"}],"curies":[{"name":"wp","href":"https:\/\/api.w.org\/{rel}","templated":true}]}}